{"id":22811,"date":"2026-03-05T14:13:23","date_gmt":"2026-03-05T14:13:23","guid":{"rendered":"https:\/\/reklamoscentras.lt\/?post_type=product&#038;p=22811"},"modified":"2026-03-05T14:48:08","modified_gmt":"2026-03-05T14:48:08","slug":"turines-raides","status":"publish","type":"product","link":"https:\/\/reklamoscentras.lt\/en\/parduotuve\/plastiko-gaminiai\/turines-raides\/","title":{"rendered":"T\u016brin\u0117s raid\u0117s"},"content":{"rendered":"<p>Termi\u0161kai suformuot\u0173 raid\u017ei\u0173 sieneli\u0173 storis 2-3mm. Raid\u0117s dugnas pagamintas i\u0161 balto plastiko ir jame nepastebimai \u012fmontuoti LED moduliai.<\/p>\n<p>T\u016brin\u0117s raid\u0117s n\u0117ra sujungtos tarpusavyje, jas jungiant\u012f pagrind\u0105 reikia u\u017esisakyti atskirai. Tai padaryti gali\u010dia\u00a0<a href=\"https:\/\/reklamosprekes.lt\/produktas\/turiniu-raidziu-iskabos-pagrindas\/\" target=\"_self\" rel=\"noopener\">\u010dia<\/a>.<\/p>\n<p>Gaminimo terminas \u2013 iki 4 savai\u010di\u0173.<\/p>\n<p>Galimas pasirinkimas i\u0161 keturi\u0173 \u0161rift\u0173 &#8211; Times New Roman, Arial, Bebas Neue, Montserrat.<\/p>\n<p>Galimi t\u016brini\u0173 raid\u017ei\u0173 auk\u0161\u010diai: 200 mm; 300 mm; 400 mm; 500 mm; 600 mm; 700 mm.<\/p>\n","protected":false},"excerpt":{"rendered":"<p>Termi\u0161kai suformuotos t\u016brin\u0117s raid\u0117s i\u0161 PET-G balto plastiko, itin lengvos ir nesunkiai montuojamos prie sienos.<\/p>\n<p>Kainos kei\u010diasi priklausomai nuo pasirinkto auk\u0161\u010dio.<\/p>\n<p>Galimas pasirinkimas i\u0161 keturi\u0173 \u0161rift\u0173 &#8211; Times New Roman, Arial, Bebas Neue, Montserrat.<\/p>\n<p>Galimi t\u016brini\u0173 raid\u017ei\u0173 auk\u0161\u010diai: 200 mm; 300 mm; 400 mm; 500 mm; 600 mm; 700 mm.<\/p>\n","protected":false},"featured_media":22836,"template":"","meta":[],"product_brand":[],"product_cat":[409,355,414,354],"product_tag":[],"class_list":{"0":"post-22811","1":"product","2":"type-product","3":"status-publish","4":"has-post-thumbnail","6":"product_cat-plastiko-gaminiai","7":"product_cat-raides-skaiciai","8":"product_cat-uzrasai-ir-simboliai","9":"product_cat-zenklai-ir-lenteles","11":"first","12":"instock","13":"sold-individually","14":"taxable","15":"shipping-taxable","16":"purchasable","17":"product-type-variable"},"_links":{"self":[{"href":"https:\/\/reklamoscentras.lt\/en\/wp-json\/wp\/v2\/product\/22811","targetHints":{"allow":["GET"]}}],"collection":[{"href":"https:\/\/reklamoscentras.lt\/en\/wp-json\/wp\/v2\/product"}],"about":[{"href":"https:\/\/reklamoscentras.lt\/en\/wp-json\/wp\/v2\/types\/product"}],"wp:featuredmedia":[{"embeddable":true,"href":"https:\/\/reklamoscentras.lt\/en\/wp-json\/wp\/v2\/media\/22836"}],"wp:attachment":[{"href":"https:\/\/reklamoscentras.lt\/en\/wp-json\/wp\/v2\/media?parent=22811"}],"wp:term":[{"taxonomy":"product_brand","embeddable":true,"href":"https:\/\/reklamoscentras.lt\/en\/wp-json\/wp\/v2\/product_brand?post=22811"},{"taxonomy":"product_cat","embeddable":true,"href":"https:\/\/reklamoscentras.lt\/en\/wp-json\/wp\/v2\/product_cat?post=22811"},{"taxonomy":"product_tag","embeddable":true,"href":"https:\/\/reklamoscentras.lt\/en\/wp-json\/wp\/v2\/product_tag?post=22811"}],"curies":[{"name":"wp","href":"https:\/\/api.w.org\/{rel}","templated":true}]}}